{"id":334,"date":"2019-10-01T09:58:50","date_gmt":"2019-10-01T12:58:50","guid":{"rendered":"https:\/\/elityc.com.ar\/es\/?post_type=product&#038;p=334"},"modified":"2019-10-02T12:24:23","modified_gmt":"2019-10-02T15:24:23","slug":"anillos-seeger-din-472","status":"publish","type":"product","link":"https:\/\/elityc.com.ar\/es\/producto\/anillos-seeger-din-472\/","title":{"rendered":"Anillos Seeger Din 472"},"content":{"rendered":"<div id=\"categoriaSection\" class=\"padding-top-1\">Categor\u00eda: <label id=\"category\"> <strong>Anillos De Seguridad<\/strong> <\/label><\/div>\n<div id=\"descripcionSection\" class=\"padding-top-1\"><span class=\"readInput descripcionProducto\"> Anillos Seeger Din 472 <\/span><\/div>\n","protected":false},"excerpt":{"rendered":"<p>Un <b>circlip<\/b> (<a title=\"Acr\u00f3nimo\" href=\"https:\/\/es.wikipedia.org\/wiki\/Acr%C3%B3nimo\">acr\u00f3nimo<\/a> en ingl\u00e9s uni\u00f3n de <i> c\u00edrculo <\/i> y <i> pinza <\/i>), tambi\u00e9n conocido como <b>anillo de seguridad<\/b>, <b>anillo el\u00e1stico<\/b> o <b>anillo Seeger<\/b>,<sup id=\"cite_ref-1\" class=\"reference separada\"><a href=\"https:\/\/es.wikipedia.org\/wiki\/Circlip#cite_note-1\">1<\/a><\/sup>\u200b<sup id=\"cite_ref-MBPH_2-0\" class=\"reference separada\"><a href=\"https:\/\/es.wikipedia.org\/wiki\/Circlip#cite_note-MBPH-2\">2<\/a><\/sup>\u200b es un tipo de anillo de acero usado para la <a class=\"new\" title=\"Sujeci\u00f3n (a\u00fan no redactado)\" href=\"https:\/\/es.wikipedia.org\/w\/index.php?title=Sujeci%C3%B3n&amp;action=edit&amp;redlink=1\">sujeci\u00f3n<\/a> o de <a class=\"new\" title=\"Retenci\u00f3n (a\u00fan no redactado)\" href=\"https:\/\/es.wikipedia.org\/w\/index.php?title=Retenci%C3%B3n&amp;action=edit&amp;redlink=1\">retenci\u00f3n<\/a> de alg\u00fan tipo de pieza, que consiste en un aro de un metal semi-flexible con extremos abiertos que puede ser encajado en una ranura <a title=\"Mecanizado\" href=\"https:\/\/es.wikipedia.org\/wiki\/Mecanizado\"> mecanizada<\/a>, sobre un pasador o en alguna otra parte, de manera que permite la <a class=\"mw-disambig\" title=\"Rotaci\u00f3n\" href=\"https:\/\/es.wikipedia.org\/wiki\/Rotaci%C3%B3n\">rotaci\u00f3n<\/a> de dicha pieza, pero evitando su <a title=\"Movimiento (f\u00edsica)\" href=\"https:\/\/es.wikipedia.org\/wiki\/Movimiento_(f%C3%ADsica)\"> movimiento<\/a> lateral.<\/p>\n","protected":false},"featured_media":486,"template":"","meta":[],"product_brand":[],"product_cat":[20],"product_tag":[],"class_list":{"0":"post-334","1":"product","2":"type-product","3":"status-publish","4":"has-post-thumbnail","6":"product_cat-anillos-de-seguridad","8":"first","9":"instock","10":"shipping-taxable","11":"product-type-simple"},"aioseo_notices":[],"_links":{"self":[{"href":"https:\/\/elityc.com.ar\/es\/wp-json\/wp\/v2\/product\/334","targetHints":{"allow":["GET"]}}],"collection":[{"href":"https:\/\/elityc.com.ar\/es\/wp-json\/wp\/v2\/product"}],"about":[{"href":"https:\/\/elityc.com.ar\/es\/wp-json\/wp\/v2\/types\/product"}],"wp:featuredmedia":[{"embeddable":true,"href":"https:\/\/elityc.com.ar\/es\/wp-json\/wp\/v2\/media\/486"}],"wp:attachment":[{"href":"https:\/\/elityc.com.ar\/es\/wp-json\/wp\/v2\/media?parent=334"}],"wp:term":[{"taxonomy":"product_brand","embeddable":true,"href":"https:\/\/elityc.com.ar\/es\/wp-json\/wp\/v2\/product_brand?post=334"},{"taxonomy":"product_cat","embeddable":true,"href":"https:\/\/elityc.com.ar\/es\/wp-json\/wp\/v2\/product_cat?post=334"},{"taxonomy":"product_tag","embeddable":true,"href":"https:\/\/elityc.com.ar\/es\/wp-json\/wp\/v2\/product_tag?post=334"}],"curies":[{"name":"wp","href":"https:\/\/api.w.org\/{rel}","templated":true}]}}