{"id":2,"date":"2019-08-26T15:03:57","date_gmt":"2019-08-26T18:03:57","guid":{"rendered":"https:\/\/elityc.com.ar\/es\/?page_id=2"},"modified":"2019-10-08T23:33:45","modified_gmt":"2019-10-09T02:33:45","slug":"acerca","status":"publish","type":"page","link":"https:\/\/elityc.com.ar\/es\/acerca\/","title":{"rendered":"Acerca"},"content":{"rendered":"\n<div class=\"wp-block-image\"><figure class=\"alignleft is-resized\"><img loading=\"lazy\" decoding=\"async\" src=\"https:\/\/elityc.com.ar\/es\/wp-content\/uploads\/2019\/10\/logo1.png\" alt=\"\" class=\"wp-image-646\" width=\"220\" height=\"135\"\/><\/figure><\/div>\n\n\n\n<p style=\"font-size:15px\" class=\"has-drop-cap\"><strong>S<\/strong>omos  una empresa familiar de  capital nacional, con mas de 40 a\u00f1os de trayectoria  fabricando  productos de fijaci\u00f3n para el mercado Argentino,  nuestros  productos  cumplen con las normas de calidad solicitadas en los diferentes  rubros:  automotriz, ferroviario, agr\u00edcola, vial, quimico y electr\u00f3nico.<br>  <strong>F<\/strong>abricamos m\u00e1s de 1000  productos adaptables a sus  necesidades: Tuercas el\u00e1sticas, arandelas planas, dentadas, abombadas,  alabeadas, c\u00f3nicas y grower. Anillos seeger, seguros rs, tuercas  r\u00e1pidas, clips el\u00e1sticos,   etc. <br><strong>A<\/strong>demas contamos con ingenier\u00eda y matricer\u00eda propia para el desarrollo de  piezas especiales seg\u00fan plano o muestra.<\/p>\n","protected":false},"excerpt":{"rendered":"<p>Somos una empresa familiar de capital nacional, con mas de 40 a\u00f1os de trayectoria fabricando productos de fijaci\u00f3n para el mercado Argentino, nuestros productos cumplen con las normas de calidad solicitadas en los diferentes rubros: automotriz, ferroviario, agr\u00edcola, vial, quimico y electr\u00f3nico. Fabricamos m\u00e1s de 1000 productos adaptables a sus necesidades: Tuercas el\u00e1sticas, arandelas planas, [&hellip;]<\/p>\n","protected":false},"author":1,"featured_media":0,"parent":0,"menu_order":0,"comment_status":"closed","ping_status":"open","template":"template-fullwidth.php","meta":{"footnotes":""},"class_list":["post-2","page","type-page","status-publish","hentry"],"aioseo_notices":[],"_links":{"self":[{"href":"https:\/\/elityc.com.ar\/es\/wp-json\/wp\/v2\/pages\/2","targetHints":{"allow":["GET"]}}],"collection":[{"href":"https:\/\/elityc.com.ar\/es\/wp-json\/wp\/v2\/pages"}],"about":[{"href":"https:\/\/elityc.com.ar\/es\/wp-json\/wp\/v2\/types\/page"}],"author":[{"embeddable":true,"href":"https:\/\/elityc.com.ar\/es\/wp-json\/wp\/v2\/users\/1"}],"replies":[{"embeddable":true,"href":"https:\/\/elityc.com.ar\/es\/wp-json\/wp\/v2\/comments?post=2"}],"version-history":[{"count":0,"href":"https:\/\/elityc.com.ar\/es\/wp-json\/wp\/v2\/pages\/2\/revisions"}],"wp:attachment":[{"href":"https:\/\/elityc.com.ar\/es\/wp-json\/wp\/v2\/media?parent=2"}],"curies":[{"name":"wp","href":"https:\/\/api.w.org\/{rel}","templated":true}]}}